{"id":32,"date":"2020-04-07T07:20:33","date_gmt":"2020-04-07T07:20:33","guid":{"rendered":"http:\/\/pinocchio-mechernich.de\/?page_id=32"},"modified":"2025-12-26T09:19:17","modified_gmt":"2025-12-26T09:19:17","slug":"willkommen","status":"publish","type":"page","link":"https:\/\/www.pinocchio-mechernich.de\/","title":{"rendered":"Willkommen"},"content":{"rendered":"\n<div class=\"wp-block-columns\">\n<div class=\"wp-block-column\">\n<h2 class=\"has-black-color has-text-color\"><strong>Herzlich willkommen<\/strong> <\/h2>\n\n\n\n<p class=\"has-medium-font-size\"><\/p>\n\n\n\n<p><\/p>\n\n\n\n<p><strong>Unsere \u00d6ffungszeiten:<\/strong><\/p>\n\n\n\n<p><strong>t\u00e4glich von<br>12:00 &#8211; 14:30 Uhr &amp; 17:00 &#8211; 21:00 Uhr<br><br>Montag Ruhetag<\/strong><\/p>\n\n\n\n<p><\/p>\n\n\n\n<div style=\"height:20px\" aria-hidden=\"true\" class=\"wp-block-spacer\"><\/div>\n\n\n\n<figure class=\"wp-block-image size-full\"><img loading=\"lazy\" width=\"444\" height=\"329\" src=\"https:\/\/www.pinocchio-mechernich.de\/wp-content\/uploads\/2025\/01\/image-17.png\" alt=\"\" class=\"wp-image-215\" srcset=\"https:\/\/www.pinocchio-mechernich.de\/wp-content\/uploads\/2025\/01\/image-17.png 444w, https:\/\/www.pinocchio-mechernich.de\/wp-content\/uploads\/2025\/01\/image-17-300x222.png 300w\" sizes=\"(max-width: 444px) 100vw, 444px\" \/><\/figure>\n<\/div>\n\n\n\n<div class=\"wp-block-column\">\n<h2><strong><span class=\"has-inline-color has-black-color\">Pizza Taxi Mechernich<\/span><\/strong><\/h2>\n\n\n\n<div class=\"telefon\"><a href=\"tel:024434343\"><h4 class=\"h4sp1\">02443<\/h4><h4 class=\"h4sp2\">4343<\/h4><\/a><\/div>\n\n\n\n<div style=\"height:20px\" aria-hidden=\"true\" class=\"wp-block-spacer\"><\/div>\n\n\n\n<p><strong>Lieferung: 17:00 &#8211; 21:00 Uhr<br>Mindestbestellwert: 20,50 \u20ac<br>Fahrtkosten*: 1,00 \u20ac<br>*Mechernich Stadt: Frei Haus<br>Montag Ruhetag (au\u00dfer Feiertag)<\/strong><\/p>\n\n\n\n<p><\/p>\n\n\n\n<div style=\"height:46px\" aria-hidden=\"true\" class=\"wp-block-spacer\"><\/div>\n\n\n\n<p class=\"has-text-align-center has-medium-font-size\"> <strong><em>Alle Preise in Euro incl. Mwst.<\/em><\/strong> <\/p>\n\n\n\n<p class=\"has-text-align-center has-medium-font-size\"><strong><em> Preise gelten nur im Pizza-Service<br>und f\u00fcr Selbstabholer! <\/em><\/strong><\/p>\n<\/div>\n<\/div>\n\n\n\n<div class=\"wp-block-columns\">\n<div class=\"wp-block-column\">\n<figure class=\"wp-block-image size-full is-resized\"><img loading=\"lazy\" src=\"https:\/\/www.pinocchio-mechernich.de\/wp-content\/uploads\/2025\/01\/image-2.png\" alt=\"\" class=\"wp-image-198\" width=\"455\" height=\"703\" srcset=\"https:\/\/www.pinocchio-mechernich.de\/wp-content\/uploads\/2025\/01\/image-2.png 573w, https:\/\/www.pinocchio-mechernich.de\/wp-content\/uploads\/2025\/01\/image-2-194x300.png 194w\" sizes=\"(max-width: 455px) 100vw, 455px\" \/><\/figure>\n<\/div>\n\n\n\n<div class=\"wp-block-column\">\n<figure class=\"wp-block-image size-full is-resized\"><img loading=\"lazy\" src=\"https:\/\/www.pinocchio-mechernich.de\/wp-content\/uploads\/2025\/01\/image-3.png\" alt=\"\" class=\"wp-image-199\" width=\"471\" height=\"724\" srcset=\"https:\/\/www.pinocchio-mechernich.de\/wp-content\/uploads\/2025\/01\/image-3.png 531w, https:\/\/www.pinocchio-mechernich.de\/wp-content\/uploads\/2025\/01\/image-3-195x300.png 195w\" sizes=\"(max-width: 471px) 100vw, 471px\" \/><\/figure>\n<\/div>\n<\/div>\n\n\n\n<div class=\"wp-block-image\"><figure class=\"aligncenter size-full is-resized\"><img loading=\"lazy\" src=\"https:\/\/www.pinocchio-mechernich.de\/wp-content\/uploads\/2025\/01\/image-4.png\" alt=\"\" class=\"wp-image-200\" width=\"548\" height=\"811\" srcset=\"https:\/\/www.pinocchio-mechernich.de\/wp-content\/uploads\/2025\/01\/image-4.png 547w, https:\/\/www.pinocchio-mechernich.de\/wp-content\/uploads\/2025\/01\/image-4-203x300.png 203w\" sizes=\"(max-width: 548px) 100vw, 548px\" \/><\/figure><\/div>\n\n\n\n<p><\/p>\n\n\n\n<p><\/p>\n\n\n\n<div class=\"wp-block-columns\">\n<div class=\"wp-block-column\">\n<figure class=\"wp-block-image size-full is-resized\"><img loading=\"lazy\" src=\"https:\/\/www.pinocchio-mechernich.de\/wp-content\/uploads\/2025\/01\/image-6.png\" alt=\"\" class=\"wp-image-202\" width=\"489\" height=\"529\" srcset=\"https:\/\/www.pinocchio-mechernich.de\/wp-content\/uploads\/2025\/01\/image-6.png 533w, https:\/\/www.pinocchio-mechernich.de\/wp-content\/uploads\/2025\/01\/image-6-277x300.png 277w\" sizes=\"(max-width: 489px) 100vw, 489px\" \/><\/figure>\n\n\n\n<p><\/p>\n<\/div>\n\n\n\n<div class=\"wp-block-column\">\n<figure class=\"wp-block-image size-full is-resized\"><img loading=\"lazy\" src=\"https:\/\/www.pinocchio-mechernich.de\/wp-content\/uploads\/2025\/01\/image-8.png\" alt=\"\" class=\"wp-image-204\" width=\"501\" height=\"778\" srcset=\"https:\/\/www.pinocchio-mechernich.de\/wp-content\/uploads\/2025\/01\/image-8.png 461w, https:\/\/www.pinocchio-mechernich.de\/wp-content\/uploads\/2025\/01\/image-8-193x300.png 193w\" sizes=\"(max-width: 501px) 100vw, 501px\" \/><\/figure>\n<\/div>\n<\/div>\n\n\n\n<div class=\"wp-block-columns\">\n<div class=\"wp-block-column\">\n<div class=\"wp-block-image\"><figure class=\"aligncenter size-full is-resized\"><img loading=\"lazy\" src=\"https:\/\/www.pinocchio-mechernich.de\/wp-content\/uploads\/2025\/01\/image-7.png\" alt=\"\" class=\"wp-image-203\" width=\"519\" height=\"785\" srcset=\"https:\/\/www.pinocchio-mechernich.de\/wp-content\/uploads\/2025\/01\/image-7.png 514w, https:\/\/www.pinocchio-mechernich.de\/wp-content\/uploads\/2025\/01\/image-7-198x300.png 198w\" sizes=\"(max-width: 519px) 100vw, 519px\" \/><\/figure><\/div>\n<\/div>\n<\/div>\n\n\n\n<div style=\"height:20px\" aria-hidden=\"true\" class=\"wp-block-spacer\"><\/div>\n\n\n\n<div class=\"wp-block-columns\">\n<div class=\"wp-block-column\">\n<p style=\"font-size:15px\">1) Phosphat<br>2) Antioxidationsmittel<br>3) Geschmacksverst\u00e4rker<br>4) Konservierungstoffe<br>5) geschw\u00e4rzt<br>6) Farbstoffe<\/p>\n<\/div>\n\n\n\n<div class=\"wp-block-column\">\n<p class=\"has-vivid-green-cyan-color has-text-color\"><\/p>\n\n\n\n<p class=\"has-large-font-size\"><\/p>\n\n\n\n<div class=\"wp-block-group\"><div class=\"wp-block-group__inner-container\"><\/div><\/div>\n<\/div>\n<\/div>\n\n\n\n<p><\/p>\n","protected":false},"excerpt":{"rendered":"<p>Herzlich willkommen Unsere \u00d6ffungszeiten: t\u00e4glich von12:00 &#8211; 14:30 Uhr &amp; 17:00 &#8211; 21:00 Uhr Montag Ruhetag Pizza Taxi Mechernich 02443 4343 Lieferung: 17:00 &#8211; 21:00 UhrMindestbestellwert: 20,50 \u20acFahrtkosten*: 1,00 \u20ac*Mechernich Stadt: Frei HausMontag Ruhetag (au\u00dfer Feiertag) Alle Preise in Euro incl. Mwst. Preise gelten nur im Pizza-Serviceund f\u00fcr Selbstabholer! 1) Phosphat2) Antioxidationsmittel3) Geschmacksverst\u00e4rker4) Konservierungstoffe5) geschw\u00e4rzt6) &hellip; <\/p>\n<p class=\"link-more\"><a href=\"https:\/\/www.pinocchio-mechernich.de\/\" class=\"more-link\"><span class=\"screen-reader-text\">\u201eWillkommen\u201c<\/span> weiterlesen<\/a><\/p>\n","protected":false},"author":1,"featured_media":0,"parent":0,"menu_order":0,"comment_status":"closed","ping_status":"closed","template":"","meta":[],"_links":{"self":[{"href":"https:\/\/www.pinocchio-mechernich.de\/index.php?rest_route=\/wp\/v2\/pages\/32"}],"collection":[{"href":"https:\/\/www.pinocchio-mechernich.de\/index.php?rest_route=\/wp\/v2\/pages"}],"about":[{"href":"https:\/\/www.pinocchio-mechernich.de\/index.php?rest_route=\/wp\/v2\/types\/page"}],"author":[{"embeddable":true,"href":"https:\/\/www.pinocchio-mechernich.de\/index.php?rest_route=\/wp\/v2\/users\/1"}],"replies":[{"embeddable":true,"href":"https:\/\/www.pinocchio-mechernich.de\/index.php?rest_route=%2Fwp%2Fv2%2Fcomments&post=32"}],"version-history":[{"count":72,"href":"https:\/\/www.pinocchio-mechernich.de\/index.php?rest_route=\/wp\/v2\/pages\/32\/revisions"}],"predecessor-version":[{"id":259,"href":"https:\/\/www.pinocchio-mechernich.de\/index.php?rest_route=\/wp\/v2\/pages\/32\/revisions\/259"}],"wp:attachment":[{"href":"https:\/\/www.pinocchio-mechernich.de\/index.php?rest_route=%2Fwp%2Fv2%2Fmedia&parent=32"}],"curies":[{"name":"wp","href":"https:\/\/api.w.org\/{rel}","templated":true}]}}